{"id":1621,"date":"2025-12-14T19:28:45","date_gmt":"2025-12-14T18:28:45","guid":{"rendered":"https:\/\/dinamix.cat\/?page_id=1621"},"modified":"2025-12-24T15:56:24","modified_gmt":"2025-12-24T14:56:24","slug":"noticies","status":"publish","type":"page","link":"https:\/\/dinamix.cat\/es\/noticies\/","title":{"rendered":"Noticias"},"content":{"rendered":"<div class=\"wpb-content-wrapper\"><div data-vc-full-width=\"true\" data-vc-full-width-temp=\"true\" data-vc-full-width-init=\"false\" data-vc-stretch-content=\"true\" class=\"vc_row wpb_row vc_row-fluid\"><div class=\"wpb_column vc_column_container vc_col-sm-12 vc_hidden-sm vc_hidden-xs\"><div class=\"vc_column-inner\"><div class=\"wpb_wrapper\">\n\t<div class=\"wpb_text_column wpb_content_element wpb_animate_when_almost_visible wpb_fadeInUp fadeInUp\" >\n\t\t<div class=\"wpb_wrapper\">\n\t\t\t<h2 style=\"text-align: center; margin-top: 0; font-weight: 400; font-size: 50px;\"><strong>Noticias Dinamix<\/strong><\/h2>\n\n\t\t<\/div>\n\t<\/div>\n\n\t<div class=\"wpb_text_column wpb_content_element wpb_animate_when_almost_visible wpb_fadeInUp fadeInUp vc_custom_1766588167297\" >\n\t\t<div class=\"wpb_wrapper\">\n\t\t\t<p style=\"text-align: center; font-size: 28px;\"><strong>Descubre todo lo que ocurre en Dinamix: noticias, proyectos, reflexiones y contenidos de inter\u00e9s para familias, clubs y entidades.<\/strong><\/p>\n\n\t\t<\/div>\n\t<\/div>\n\n\t<div class=\"vc_gutenberg wpb_content_element wpb_animate_when_almost_visible wpb_slideInUp slideInUp vc_custom_1765786760509 contentviews-title, cvp-title { display: none !important; }\" >\n\t\t<div class=\"wpb_wrapper\">\n\t\t\t<div class='pt-cv-wrapper'>\n<h3 class='pt-cv-heading-container heading1' data-blockid='dpl33dhy'><span class='pt-cv-heading'> Overlay1 <\/span><\/h3>\n<div class=\"pt-cv-view pt-cv-overlaygrid iscvblock iscvreal overlay1 layout1\" id=\"pt-cv-view-dpl33dhy\">\n<div data-id=\"pt-cv-page-1\" class=\"pt-cv-page\" data-cvc=\"2\">\n<div class=\"pt-cv-content-item pt-cv-1-col\" >\n<div class=\"pt-cv-thumb-wrapper\"><a href=\"https:\/\/dinamix.cat\/es\/2025\/12\/14\/assessorament-per-a-entitats-que-volen-fer-un-pas-endavant\/\" class=\"_self pt-cv-href-thumbnail pt-cv-thumb-default\" target=\"_self\" ><img loading=\"lazy\" decoding=\"async\" width=\"1024\" height=\"478\" src=\"https:\/\/dinamix.cat\/wp-content\/uploads\/2025\/12\/2-1024x478.png\" class=\"pt-cv-thumbnail\" alt=\"\" \/><\/a><\/div>\n<div class=\"pt-cv-overlay-wrapper\">\n<div class=\"pt-cv-taxoterm above_title\"><a href='https:\/\/dinamix.cat\/es\/category\/assessorament\/' title='Asesoramiento' class='pt-cv-tax-assessorament'>Asesoramiento<\/a><\/div>\n<h4 class=\"pt-cv-title\"><a href=\"https:\/\/dinamix.cat\/es\/2025\/12\/14\/assessorament-per-a-entitats-que-volen-fer-un-pas-endavant\/\" class=\"_self\" target=\"_self\" >Asesoramiento para entidades que quieren dar un paso adelante<\/a><\/h4>\n<div class=\"pt-cv-meta-fields\"><span class=\"entry-date\"> <time datetime=\"2025-12-14T20:27:56+01:00\">14 de diciembre de 2025<\/time><\/span><span> \/ <\/span><span class=\"author\"> <a href=\"https:\/\/dinamix.cat\/es\/author\/dinamix\/\" rel=\"author\">Dinamix<\/a><\/span><\/div>\n<\/div>\n<\/div>\n<div class=\"pt-cv-content-item pt-cv-1-col\" >\n<div class=\"pt-cv-thumb-wrapper\"><a href=\"https:\/\/dinamix.cat\/es\/2025\/12\/14\/com-organitzar-un-esdeveniment-esportiu-que-marqui-la-diferencia\/\" class=\"_self pt-cv-href-thumbnail pt-cv-thumb-default\" target=\"_self\" ><img loading=\"lazy\" decoding=\"async\" width=\"1024\" height=\"478\" src=\"https:\/\/dinamix.cat\/wp-content\/uploads\/2025\/12\/1-1024x478.png\" class=\"pt-cv-thumbnail\" alt=\"\" \/><\/a><\/div>\n<div class=\"pt-cv-overlay-wrapper\">\n<div class=\"pt-cv-taxoterm above_title\"><a href='https:\/\/dinamix.cat\/es\/category\/esdeveniments\/' title='Eventos' class='pt-cv-tax-esdeveniments'>Eventos<\/a><\/div>\n<h4 class=\"pt-cv-title\"><a href=\"https:\/\/dinamix.cat\/es\/2025\/12\/14\/com-organitzar-un-esdeveniment-esportiu-que-marqui-la-diferencia\/\" class=\"_self\" target=\"_self\" >Com organitzar un esdeveniment esportiu que marqui la difer\u00e8ncia<\/a><\/h4>\n<div class=\"pt-cv-meta-fields\"><span class=\"entry-date\"> <time datetime=\"2025-12-14T20:26:50+01:00\">14 de diciembre de 2025<\/time><\/span><span> \/ <\/span><span class=\"author\"> <a href=\"https:\/\/dinamix.cat\/es\/author\/dinamix\/\" rel=\"author\">Dinamix<\/a><\/span><\/div>\n<\/div>\n<\/div>\n<div class=\"pt-cv-content-item pt-cv-1-col\" >\n<div class=\"pt-cv-thumb-wrapper\"><a href=\"https:\/\/dinamix.cat\/es\/2025\/12\/14\/el-joc-lliure-mes-que-una-estona-per-jugar\/\" class=\"_self pt-cv-href-thumbnail pt-cv-thumb-default\" target=\"_self\" ><img loading=\"lazy\" decoding=\"async\" width=\"1024\" height=\"768\" src=\"https:\/\/dinamix.cat\/wp-content\/uploads\/2025\/11\/91520746-d8ff-410c-9e63-1479dcf452ca-1024x768.jpg\" class=\"pt-cv-thumbnail\" alt=\"\" \/><\/a><\/div>\n<div class=\"pt-cv-overlay-wrapper\">\n<div class=\"pt-cv-taxoterm above_title\"><a href='https:\/\/dinamix.cat\/es\/category\/infants\/' title='Infantil' class='pt-cv-tax-infants'>Infantil<\/a><\/div>\n<h4 class=\"pt-cv-title\"><a href=\"https:\/\/dinamix.cat\/es\/2025\/12\/14\/el-joc-lliure-mes-que-una-estona-per-jugar\/\" class=\"_self\" target=\"_self\" >El joc lliure: m\u00e9s que una estona per jugar<\/a><\/h4>\n<div class=\"pt-cv-meta-fields\"><span class=\"entry-date\"> <time datetime=\"2025-12-14T20:14:53+01:00\">14 de diciembre de 2025<\/time><\/span><span> \/ <\/span><span class=\"author\"> <a href=\"https:\/\/dinamix.cat\/es\/author\/dinamix\/\" rel=\"author\">Dinamix<\/a><\/span><\/div>\n<\/div>\n<\/div>\n<div class=\"pt-cv-content-item pt-cv-1-col\" >\n<div class=\"pt-cv-thumb-wrapper\"><a href=\"https:\/\/dinamix.cat\/es\/2025\/12\/13\/entrada-de-prueba-2\/\" class=\"_self pt-cv-href-thumbnail pt-cv-thumb-default\" target=\"_self\" ><img loading=\"lazy\" decoding=\"async\" width=\"1024\" height=\"478\" src=\"https:\/\/dinamix.cat\/wp-content\/uploads\/2025\/11\/Platja-1024x478.png\" class=\"pt-cv-thumbnail\" alt=\"\" \/><\/a><\/div>\n<div class=\"pt-cv-overlay-wrapper\">\n<div class=\"pt-cv-taxoterm above_title\"><a href='https:\/\/dinamix.cat\/es\/category\/campus\/' title='Campus' class='pt-cv-tax-campus'>Campus<\/a><\/div>\n<h4 class=\"pt-cv-title\"><a href=\"https:\/\/dinamix.cat\/es\/2025\/12\/13\/entrada-de-prueba-2\/\" class=\"_self\" target=\"_self\" >Consells per preparar el teu fill\/a per al seu primer campus d\u2019estiu<\/a><\/h4>\n<div class=\"pt-cv-meta-fields\"><span class=\"entry-date\"> <time datetime=\"2025-12-13T15:45:29+01:00\">13 de diciembre de 2025<\/time><\/span><span> \/ <\/span><span class=\"author\"> <a href=\"https:\/\/dinamix.cat\/es\/author\/dinamix\/\" rel=\"author\">Dinamix<\/a><\/span><\/div>\n<\/div>\n<\/div>\n<\/div>\n<\/div><\/div>\n<style>\n#pt-cv-view-dpl33dhy {text-align: center}#pt-cv-view-dpl33dhy .pt-cv-thumb-wrapper {margin-left: auto; margin-right: auto;}#pt-cv-view-dpl33dhy .pt-cv-thumb-wrapper::before {background: rgba(0,0,0,.4); opacity: 0.8;}#pt-cv-view-dpl33dhy .pt-cv-overlay-wrapper {justify-content: center;}\n#pt-cv-view-dpl33dhy .pt-cv-meta-fields {  }#pt-cv-view-dpl33dhy .pt-cv-meta-fields * { font-size: 13px; }#pt-cv-view-dpl33dhy .pt-cv-title a { display: block; }#pt-cv-view-dpl33dhy .pt-cv-title:not(.pt-cv-titlesm) a { font-weight: 600;text-decoration: none;font-size: 20px; }#pt-cv-view-dpl33dhy .pt-cv-titlesm a { font-weight: 600;font-size: 18px; }#pt-cv-view-dpl33dhy .pt-cv-content { font-size: 15px; }#pt-cv-view-dpl33dhy .pt-cv-rmwrap {  }#pt-cv-view-dpl33dhy .pt-cv-readmore { color: #fff;background-color: #0075ff;font-size: 14px; }#pt-cv-view-dpl33dhy .pt-cv-taxoterm { margin: 0px 0px 20px 0px; }#pt-cv-view-dpl33dhy .pt-cv-taxoterm * { color: #222;background-color: #fff6f6;font-size: 14px; }#pt-cv-view-dpl33dhy + .pt-cv-pagination-wrapper {  }#pt-cv-view-dpl33dhy + .pt-cv-pagination-wrapper a { font-size: 14px; }#pt-cv-view-dpl33dhy > .pt-cv-page {grid-template-columns: repeat(2, 1fr);grid-auto-rows: 250px;grid-gap: 4px;}\n@media all and (max-width: 1024px) { \n#pt-cv-view-dpl33dhy > .pt-cv-page {grid-template-columns: repeat(2, 1fr);grid-gap: 10px;}\n} \n@media all and (max-width: 767px) { \n#pt-cv-view-dpl33dhy > .pt-cv-page {grid-template-columns: repeat(1, 1fr);grid-gap: 10px;}\n} <\/style>\n\n\t\t<\/div>\n\t<\/div>\n<\/div><\/div><\/div><\/div><div class=\"vc_row-full-width vc_clearfix\"><\/div><div data-vc-full-width=\"true\" data-vc-full-width-temp=\"true\" data-vc-full-width-init=\"false\" data-vc-stretch-content=\"true\" class=\"vc_row wpb_row vc_row-fluid\"><div class=\"wpb_column vc_column_container vc_col-sm-12 vc_hidden-lg vc_hidden-md\"><div class=\"vc_column-inner\"><div class=\"wpb_wrapper\">\n\t<div class=\"wpb_text_column wpb_content_element\" >\n\t\t<div class=\"wpb_wrapper\">\n\t\t\t<p style=\"text-align: center; font-weight: 600; font-size: 22px;\"><strong>Actualitat Dinamix<\/strong><\/p>\n\n\t\t<\/div>\n\t<\/div>\n\n\t<div class=\"wpb_text_column wpb_content_element vc_custom_1766588178658\" >\n\t\t<div class=\"wpb_wrapper\">\n\t\t\t<p style=\"text-align: center; text-size: 22px;\"><strong>Descubre todo lo que ocurre en Dinamix: noticias, proyectos, reflexiones y contenidos de inter\u00e9s para familias, clubs y entidades.<\/strong><\/p>\n\n\t\t<\/div>\n\t<\/div>\n\n\t<div class=\"vc_gutenberg wpb_content_element wpb_animate_when_almost_visible wpb_slideInRight slideInRight vc_custom_1765786595962 contentviews-title, cvp-title { display: none !important; }\" >\n\t\t<div class=\"wpb_wrapper\">\n\t\t\t<div class='pt-cv-wrapper'>\n<h3 class='pt-cv-heading-container heading1' data-blockid='dpl33dhy'><span class='pt-cv-heading'> Overlay1 <\/span><\/h3>\n<div class=\"pt-cv-view pt-cv-overlaygrid iscvblock iscvreal overlay1 layout1\" id=\"pt-cv-view-dpl33dhy\">\n<div data-id=\"pt-cv-page-1\" class=\"pt-cv-page\" data-cvc=\"2\">\n<div class=\"pt-cv-content-item pt-cv-1-col\" >\n<div class=\"pt-cv-thumb-wrapper\"><a href=\"https:\/\/dinamix.cat\/es\/2025\/12\/14\/assessorament-per-a-entitats-que-volen-fer-un-pas-endavant\/\" class=\"_self pt-cv-href-thumbnail pt-cv-thumb-default\" target=\"_self\" ><img loading=\"lazy\" decoding=\"async\" width=\"1024\" height=\"478\" src=\"https:\/\/dinamix.cat\/wp-content\/uploads\/2025\/12\/2-1024x478.png\" class=\"pt-cv-thumbnail\" alt=\"\" \/><\/a><\/div>\n<div class=\"pt-cv-overlay-wrapper\">\n<div class=\"pt-cv-taxoterm above_title\"><a href='https:\/\/dinamix.cat\/es\/category\/assessorament\/' title='Asesoramiento' class='pt-cv-tax-assessorament'>Asesoramiento<\/a><\/div>\n<h4 class=\"pt-cv-title\"><a href=\"https:\/\/dinamix.cat\/es\/2025\/12\/14\/assessorament-per-a-entitats-que-volen-fer-un-pas-endavant\/\" class=\"_self\" target=\"_self\" >Asesoramiento para entidades que quieren dar un paso adelante<\/a><\/h4>\n<div class=\"pt-cv-meta-fields\"><span class=\"entry-date\"> <time datetime=\"2025-12-14T20:27:56+01:00\">14 de diciembre de 2025<\/time><\/span><span> \/ <\/span><span class=\"author\"> <a href=\"https:\/\/dinamix.cat\/es\/author\/dinamix\/\" rel=\"author\">Dinamix<\/a><\/span><\/div>\n<\/div>\n<\/div>\n<div class=\"pt-cv-content-item pt-cv-1-col\" >\n<div class=\"pt-cv-thumb-wrapper\"><a href=\"https:\/\/dinamix.cat\/es\/2025\/12\/14\/com-organitzar-un-esdeveniment-esportiu-que-marqui-la-diferencia\/\" class=\"_self pt-cv-href-thumbnail pt-cv-thumb-default\" target=\"_self\" ><img loading=\"lazy\" decoding=\"async\" width=\"1024\" height=\"478\" src=\"https:\/\/dinamix.cat\/wp-content\/uploads\/2025\/12\/1-1024x478.png\" class=\"pt-cv-thumbnail\" alt=\"\" \/><\/a><\/div>\n<div class=\"pt-cv-overlay-wrapper\">\n<div class=\"pt-cv-taxoterm above_title\"><a href='https:\/\/dinamix.cat\/es\/category\/esdeveniments\/' title='Eventos' class='pt-cv-tax-esdeveniments'>Eventos<\/a><\/div>\n<h4 class=\"pt-cv-title\"><a href=\"https:\/\/dinamix.cat\/es\/2025\/12\/14\/com-organitzar-un-esdeveniment-esportiu-que-marqui-la-diferencia\/\" class=\"_self\" target=\"_self\" >Com organitzar un esdeveniment esportiu que marqui la difer\u00e8ncia<\/a><\/h4>\n<div class=\"pt-cv-meta-fields\"><span class=\"entry-date\"> <time datetime=\"2025-12-14T20:26:50+01:00\">14 de diciembre de 2025<\/time><\/span><span> \/ <\/span><span class=\"author\"> <a href=\"https:\/\/dinamix.cat\/es\/author\/dinamix\/\" rel=\"author\">Dinamix<\/a><\/span><\/div>\n<\/div>\n<\/div>\n<div class=\"pt-cv-content-item pt-cv-1-col\" >\n<div class=\"pt-cv-thumb-wrapper\"><a href=\"https:\/\/dinamix.cat\/es\/2025\/12\/14\/el-joc-lliure-mes-que-una-estona-per-jugar\/\" class=\"_self pt-cv-href-thumbnail pt-cv-thumb-default\" target=\"_self\" ><img loading=\"lazy\" decoding=\"async\" width=\"1024\" height=\"768\" src=\"https:\/\/dinamix.cat\/wp-content\/uploads\/2025\/11\/91520746-d8ff-410c-9e63-1479dcf452ca-1024x768.jpg\" class=\"pt-cv-thumbnail\" alt=\"\" \/><\/a><\/div>\n<div class=\"pt-cv-overlay-wrapper\">\n<div class=\"pt-cv-taxoterm above_title\"><a href='https:\/\/dinamix.cat\/es\/category\/infants\/' title='Infantil' class='pt-cv-tax-infants'>Infantil<\/a><\/div>\n<h4 class=\"pt-cv-title\"><a href=\"https:\/\/dinamix.cat\/es\/2025\/12\/14\/el-joc-lliure-mes-que-una-estona-per-jugar\/\" class=\"_self\" target=\"_self\" >El joc lliure: m\u00e9s que una estona per jugar<\/a><\/h4>\n<div class=\"pt-cv-meta-fields\"><span class=\"entry-date\"> <time datetime=\"2025-12-14T20:14:53+01:00\">14 de diciembre de 2025<\/time><\/span><span> \/ <\/span><span class=\"author\"> <a href=\"https:\/\/dinamix.cat\/es\/author\/dinamix\/\" rel=\"author\">Dinamix<\/a><\/span><\/div>\n<\/div>\n<\/div>\n<div class=\"pt-cv-content-item pt-cv-1-col\" >\n<div class=\"pt-cv-thumb-wrapper\"><a href=\"https:\/\/dinamix.cat\/es\/2025\/12\/13\/entrada-de-prueba-2\/\" class=\"_self pt-cv-href-thumbnail pt-cv-thumb-default\" target=\"_self\" ><img loading=\"lazy\" decoding=\"async\" width=\"1024\" height=\"478\" src=\"https:\/\/dinamix.cat\/wp-content\/uploads\/2025\/11\/Platja-1024x478.png\" class=\"pt-cv-thumbnail\" alt=\"\" \/><\/a><\/div>\n<div class=\"pt-cv-overlay-wrapper\">\n<div class=\"pt-cv-taxoterm above_title\"><a href='https:\/\/dinamix.cat\/es\/category\/campus\/' title='Campus' class='pt-cv-tax-campus'>Campus<\/a><\/div>\n<h4 class=\"pt-cv-title\"><a href=\"https:\/\/dinamix.cat\/es\/2025\/12\/13\/entrada-de-prueba-2\/\" class=\"_self\" target=\"_self\" >Consells per preparar el teu fill\/a per al seu primer campus d\u2019estiu<\/a><\/h4>\n<div class=\"pt-cv-meta-fields\"><span class=\"entry-date\"> <time datetime=\"2025-12-13T15:45:29+01:00\">13 de diciembre de 2025<\/time><\/span><span> \/ <\/span><span class=\"author\"> <a href=\"https:\/\/dinamix.cat\/es\/author\/dinamix\/\" rel=\"author\">Dinamix<\/a><\/span><\/div>\n<\/div>\n<\/div>\n<\/div>\n<\/div><\/div>\n<style>\n#pt-cv-view-dpl33dhy {text-align: center}#pt-cv-view-dpl33dhy .pt-cv-thumb-wrapper {margin-left: auto; margin-right: auto;}#pt-cv-view-dpl33dhy .pt-cv-thumb-wrapper::before {background: rgba(0,0,0,.4); opacity: 0.8;}#pt-cv-view-dpl33dhy .pt-cv-overlay-wrapper {justify-content: center;}\n#pt-cv-view-dpl33dhy .pt-cv-meta-fields {  }#pt-cv-view-dpl33dhy .pt-cv-meta-fields * { font-size: 13px; }#pt-cv-view-dpl33dhy .pt-cv-title a { display: block; }#pt-cv-view-dpl33dhy .pt-cv-title:not(.pt-cv-titlesm) a { font-weight: 600;text-decoration: none;font-size: 20px; }#pt-cv-view-dpl33dhy .pt-cv-titlesm a { font-weight: 600;font-size: 18px; }#pt-cv-view-dpl33dhy .pt-cv-content { font-size: 15px; }#pt-cv-view-dpl33dhy .pt-cv-rmwrap {  }#pt-cv-view-dpl33dhy .pt-cv-readmore { color: #fff;background-color: #0075ff;font-size: 14px; }#pt-cv-view-dpl33dhy .pt-cv-taxoterm { margin: 0px 0px 20px 0px; }#pt-cv-view-dpl33dhy .pt-cv-taxoterm * { color: #222;background-color: #fff6f6;font-size: 14px; }#pt-cv-view-dpl33dhy + .pt-cv-pagination-wrapper {  }#pt-cv-view-dpl33dhy + .pt-cv-pagination-wrapper a { font-size: 14px; }#pt-cv-view-dpl33dhy > .pt-cv-page {grid-template-columns: repeat(2, 1fr);grid-auto-rows: 250px;grid-gap: 4px;}\n@media all and (max-width: 1024px) { \n#pt-cv-view-dpl33dhy > .pt-cv-page {grid-template-columns: repeat(2, 1fr);grid-gap: 10px;}\n} \n@media all and (max-width: 767px) { \n#pt-cv-view-dpl33dhy > .pt-cv-page {grid-template-columns: repeat(1, 1fr);grid-gap: 10px;}\n} <\/style>\n\n\t\t<\/div>\n\t<\/div>\n<\/div><\/div><\/div><\/div><div class=\"vc_row-full-width vc_clearfix\"><\/div><\/div>","protected":false},"excerpt":{"rendered":"Not\u00edcies Dinamix Descobreix tot el que passa a Dinamix: not\u00edcies, projectes, reflexions i continguts d\u2019inter\u00e8s per a fam\u00edlies, clubs i entitats. Actualitat Dinamix Descobreix tot el que passa a Dinamix: not\u00edcies, projectes, reflexions i continguts d\u2019inter\u00e8s per a fam\u00edlies, clubs i entitats.","protected":false},"author":1,"featured_media":0,"parent":0,"menu_order":0,"comment_status":"closed","ping_status":"closed","template":"page-no-separators","meta":{"footnotes":""},"class_list":["post-1621","page","type-page","status-publish","hentry"],"yoast_head":"<!-- This site is optimized with the Yoast SEO plugin v26.4 - https:\/\/yoast.com\/wordpress\/plugins\/seo\/ -->\n<title>Not\u00edcies - Dinamix - Campus, esdeveniments i serveis<\/title>\n<meta name=\"robots\" content=\"index, follow, max-snippet:-1, max-image-preview:large, max-video-preview:-1\" \/>\n<link rel=\"canonical\" href=\"https:\/\/dinamix.cat\/es\/noticies\/\" \/>\n<meta property=\"og:locale\" content=\"es_ES\" \/>\n<meta property=\"og:type\" content=\"article\" \/>\n<meta property=\"og:title\" content=\"Not\u00edcies - Dinamix - Campus, esdeveniments i serveis\" \/>\n<meta property=\"og:url\" content=\"https:\/\/dinamix.cat\/es\/noticies\/\" \/>\n<meta property=\"og:site_name\" content=\"Dinamix - Campus, esdeveniments i serveis\" \/>\n<meta property=\"article:modified_time\" content=\"2025-12-24T14:56:24+00:00\" \/>\n<meta name=\"twitter:card\" content=\"summary_large_image\" \/>\n<meta name=\"twitter:label1\" content=\"Tiempo de lectura\" \/>\n\t<meta name=\"twitter:data1\" content=\"1 minuto\" \/>\n<script type=\"application\/ld+json\" class=\"yoast-schema-graph\">{\"@context\":\"https:\/\/schema.org\",\"@graph\":[{\"@type\":\"WebPage\",\"@id\":\"https:\/\/dinamix.cat\/noticies\/\",\"url\":\"https:\/\/dinamix.cat\/noticies\/\",\"name\":\"Not\u00edcies - Dinamix - Campus, esdeveniments i serveis\",\"isPartOf\":{\"@id\":\"https:\/\/dinamix.cat\/#website\"},\"datePublished\":\"2025-12-14T18:28:45+00:00\",\"dateModified\":\"2025-12-24T14:56:24+00:00\",\"breadcrumb\":{\"@id\":\"https:\/\/dinamix.cat\/noticies\/#breadcrumb\"},\"inLanguage\":\"es\",\"potentialAction\":[{\"@type\":\"ReadAction\",\"target\":[\"https:\/\/dinamix.cat\/noticies\/\"]}]},{\"@type\":\"BreadcrumbList\",\"@id\":\"https:\/\/dinamix.cat\/noticies\/#breadcrumb\",\"itemListElement\":[{\"@type\":\"ListItem\",\"position\":1,\"name\":\"Portada\",\"item\":\"https:\/\/dinamix.cat\/\"},{\"@type\":\"ListItem\",\"position\":2,\"name\":\"Not\u00edcies\"}]},{\"@type\":\"WebSite\",\"@id\":\"https:\/\/dinamix.cat\/#website\",\"url\":\"https:\/\/dinamix.cat\/\",\"name\":\"Dinamix - Campus, esdeveniments i serveis\",\"description\":\"P\u00e1gina web de Dinamix Oci Esportiu SL\",\"publisher\":{\"@id\":\"https:\/\/dinamix.cat\/#organization\"},\"potentialAction\":[{\"@type\":\"SearchAction\",\"target\":{\"@type\":\"EntryPoint\",\"urlTemplate\":\"https:\/\/dinamix.cat\/?s={search_term_string}\"},\"query-input\":{\"@type\":\"PropertyValueSpecification\",\"valueRequired\":true,\"valueName\":\"search_term_string\"}}],\"inLanguage\":\"es\"},{\"@type\":\"Organization\",\"@id\":\"https:\/\/dinamix.cat\/#organization\",\"name\":\"Dinamix - Campus, esdeveniments i serveis\",\"url\":\"https:\/\/dinamix.cat\/\",\"logo\":{\"@type\":\"ImageObject\",\"inLanguage\":\"es\",\"@id\":\"https:\/\/dinamix.cat\/#\/schema\/logo\/image\/\",\"url\":\"https:\/\/dinamix.cat\/wp-content\/uploads\/2025\/04\/Dinamix_Isotipo_Blanco.png\",\"contentUrl\":\"https:\/\/dinamix.cat\/wp-content\/uploads\/2025\/04\/Dinamix_Isotipo_Blanco.png\",\"width\":2836,\"height\":2836,\"caption\":\"Dinamix - Campus, esdeveniments i serveis\"},\"image\":{\"@id\":\"https:\/\/dinamix.cat\/#\/schema\/logo\/image\/\"}}]}<\/script>\n<!-- \/ Yoast SEO plugin. -->","yoast_head_json":{"title":"Not\u00edcies - Dinamix - Campus, esdeveniments i serveis","robots":{"index":"index","follow":"follow","max-snippet":"max-snippet:-1","max-image-preview":"max-image-preview:large","max-video-preview":"max-video-preview:-1"},"canonical":"https:\/\/dinamix.cat\/es\/noticies\/","og_locale":"es_ES","og_type":"article","og_title":"Not\u00edcies - Dinamix - Campus, esdeveniments i serveis","og_url":"https:\/\/dinamix.cat\/es\/noticies\/","og_site_name":"Dinamix - Campus, esdeveniments i serveis","article_modified_time":"2025-12-24T14:56:24+00:00","twitter_card":"summary_large_image","twitter_misc":{"Tiempo de lectura":"1 minuto"},"schema":{"@context":"https:\/\/schema.org","@graph":[{"@type":"WebPage","@id":"https:\/\/dinamix.cat\/noticies\/","url":"https:\/\/dinamix.cat\/noticies\/","name":"Not\u00edcies - Dinamix - Campus, esdeveniments i serveis","isPartOf":{"@id":"https:\/\/dinamix.cat\/#website"},"datePublished":"2025-12-14T18:28:45+00:00","dateModified":"2025-12-24T14:56:24+00:00","breadcrumb":{"@id":"https:\/\/dinamix.cat\/noticies\/#breadcrumb"},"inLanguage":"es","potentialAction":[{"@type":"ReadAction","target":["https:\/\/dinamix.cat\/noticies\/"]}]},{"@type":"BreadcrumbList","@id":"https:\/\/dinamix.cat\/noticies\/#breadcrumb","itemListElement":[{"@type":"ListItem","position":1,"name":"Portada","item":"https:\/\/dinamix.cat\/"},{"@type":"ListItem","position":2,"name":"Not\u00edcies"}]},{"@type":"WebSite","@id":"https:\/\/dinamix.cat\/#website","url":"https:\/\/dinamix.cat\/","name":"Dinamix - Campus, esdeveniments i serveis","description":"P\u00e1gina web de Dinamix Oci Esportiu SL","publisher":{"@id":"https:\/\/dinamix.cat\/#organization"},"potentialAction":[{"@type":"SearchAction","target":{"@type":"EntryPoint","urlTemplate":"https:\/\/dinamix.cat\/?s={search_term_string}"},"query-input":{"@type":"PropertyValueSpecification","valueRequired":true,"valueName":"search_term_string"}}],"inLanguage":"es"},{"@type":"Organization","@id":"https:\/\/dinamix.cat\/#organization","name":"Dinamix - Campus, esdeveniments i serveis","url":"https:\/\/dinamix.cat\/","logo":{"@type":"ImageObject","inLanguage":"es","@id":"https:\/\/dinamix.cat\/#\/schema\/logo\/image\/","url":"https:\/\/dinamix.cat\/wp-content\/uploads\/2025\/04\/Dinamix_Isotipo_Blanco.png","contentUrl":"https:\/\/dinamix.cat\/wp-content\/uploads\/2025\/04\/Dinamix_Isotipo_Blanco.png","width":2836,"height":2836,"caption":"Dinamix - Campus, esdeveniments i serveis"},"image":{"@id":"https:\/\/dinamix.cat\/#\/schema\/logo\/image\/"}}]}},"_links":{"self":[{"href":"https:\/\/dinamix.cat\/es\/wp-json\/wp\/v2\/pages\/1621","targetHints":{"allow":["GET"]}}],"collection":[{"href":"https:\/\/dinamix.cat\/es\/wp-json\/wp\/v2\/pages"}],"about":[{"href":"https:\/\/dinamix.cat\/es\/wp-json\/wp\/v2\/types\/page"}],"author":[{"embeddable":true,"href":"https:\/\/dinamix.cat\/es\/wp-json\/wp\/v2\/users\/1"}],"replies":[{"embeddable":true,"href":"https:\/\/dinamix.cat\/es\/wp-json\/wp\/v2\/comments?post=1621"}],"version-history":[{"count":8,"href":"https:\/\/dinamix.cat\/es\/wp-json\/wp\/v2\/pages\/1621\/revisions"}],"predecessor-version":[{"id":1820,"href":"https:\/\/dinamix.cat\/es\/wp-json\/wp\/v2\/pages\/1621\/revisions\/1820"}],"wp:attachment":[{"href":"https:\/\/dinamix.cat\/es\/wp-json\/wp\/v2\/media?parent=1621"}],"curies":[{"name":"wp","href":"https:\/\/api.w.org\/{rel}","templated":true}]}}